{"id":1253,"date":"2021-04-14T17:23:28","date_gmt":"2021-04-14T17:23:28","guid":{"rendered":"https:\/\/makeupstudio.com.uy\/sitio\/?post_type=product&#038;p=1253"},"modified":"2024-12-03T14:18:56","modified_gmt":"2024-12-03T14:18:56","slug":"tus-accesorios-espejo","status":"publish","type":"product","link":"https:\/\/makeupstudio.com.uy\/sitio\/producto\/tus-accesorios-espejo\/","title":{"rendered":"Accesorios"},"content":{"rendered":"<ul>\n<li>El espejo y bandeja est\u00e1n hechos de un estilizado pl\u00e1stico negro ligero y f\u00e1cilmente se convierte en un espejo de pie. Este espejo no tiene aumento y es plegable.<\/li>\n<li>Sacapuntas doble.<\/li>\n<li>Bandeja organizadora cosm\u00e9ticos acr\u00edlico.<\/li>\n<li>Beauty Blender<\/li>\n<\/ul>\n","protected":false},"excerpt":{"rendered":"<p>Accesorios para tu Makeup<\/p>\n","protected":false},"featured_media":1747,"comment_status":"open","ping_status":"closed","template":"","meta":{"_joinchat":[]},"product_brand":[],"product_cat":[50],"product_tag":[],"class_list":{"0":"post-1253","1":"product","2":"type-product","3":"status-publish","4":"has-post-thumbnail","6":"product_cat-accesorios","7":"pa_accesorios-bandeja","8":"pa_accesorios-blender","9":"pa_accesorios-espejo-bandeja","10":"pa_accesorios-espejo","11":"pa_accesorios-sacapuntas","13":"first","14":"instock","15":"shipping-taxable","16":"purchasable","17":"product-type-variable"},"_links":{"self":[{"href":"https:\/\/makeupstudio.com.uy\/sitio\/wp-json\/wp\/v2\/product\/1253","targetHints":{"allow":["GET"]}}],"collection":[{"href":"https:\/\/makeupstudio.com.uy\/sitio\/wp-json\/wp\/v2\/product"}],"about":[{"href":"https:\/\/makeupstudio.com.uy\/sitio\/wp-json\/wp\/v2\/types\/product"}],"replies":[{"embeddable":true,"href":"https:\/\/makeupstudio.com.uy\/sitio\/wp-json\/wp\/v2\/comments?post=1253"}],"wp:featuredmedia":[{"embeddable":true,"href":"https:\/\/makeupstudio.com.uy\/sitio\/wp-json\/wp\/v2\/media\/1747"}],"wp:attachment":[{"href":"https:\/\/makeupstudio.com.uy\/sitio\/wp-json\/wp\/v2\/media?parent=1253"}],"wp:term":[{"taxonomy":"product_brand","embeddable":true,"href":"https:\/\/makeupstudio.com.uy\/sitio\/wp-json\/wp\/v2\/product_brand?post=1253"},{"taxonomy":"product_cat","embeddable":true,"href":"https:\/\/makeupstudio.com.uy\/sitio\/wp-json\/wp\/v2\/product_cat?post=1253"},{"taxonomy":"product_tag","embeddable":true,"href":"https:\/\/makeupstudio.com.uy\/sitio\/wp-json\/wp\/v2\/product_tag?post=1253"}],"curies":[{"name":"wp","href":"https:\/\/api.w.org\/{rel}","templated":true}]}}