{"id":150,"date":"2020-04-21T23:55:51","date_gmt":"2020-04-21T23:55:51","guid":{"rendered":"http:\/\/makeupstudio.com.uy\/sitio\/?post_type=product&#038;p=150"},"modified":"2025-04-11T12:51:14","modified_gmt":"2025-04-11T12:51:14","slug":"brochas-y-pinceles","status":"publish","type":"product","link":"https:\/\/makeupstudio.com.uy\/sitio\/producto\/brochas-y-pinceles\/","title":{"rendered":"Brochas y Pinceles MK"},"content":{"rendered":"<p><strong>Cuida tus brochas<\/strong><\/p>\n<ul>\n<li><strong>Limpia las brochas semanalmente con un limpiador suave.<\/strong>\u00a0Humedece la brocha con agua templada, aplica el limpiador y remueve las cerdas con un movimiento circular.<\/li>\n<li><strong>Enjuaga bien.<\/strong>\u00a0Exprime el exceso de agua y d\u00e9jalas secar. No las seques en posici\u00f3n vertical, ya que el agua puede filtrarse y debilitar el mango.<\/li>\n<li><strong>Recuerda dejarlas secar en un lugar abierto.<\/strong><\/li>\n<\/ul>\n<p>&nbsp;<\/p>\n","protected":false},"excerpt":{"rendered":"<p><strong>Cerdas Maestro Artesanal<\/strong><\/p>\n<p>Sus cerdas sint\u00e9ticas suaves pueden utilizarse con texturas en polvo, l\u00edquido y crema, y su flexibilidad le permite llegar a todos los contornos. Han sido testadas seg\u00fan nuestros m\u00e1s altos est\u00e1ndares, garantizando una fabricaci\u00f3n de confianza y una gran calidad de las brochas.<\/p>\n","protected":false},"featured_media":130,"comment_status":"open","ping_status":"closed","template":"","meta":{"_joinchat":[]},"product_brand":[],"product_cat":[30],"product_tag":[],"class_list":{"0":"post-150","1":"product","2":"type-product","3":"status-publish","4":"has-post-thumbnail","6":"product_cat-brochas-pinceles","8":"first","9":"instock","10":"sale","11":"shipping-taxable","12":"purchasable","13":"product-type-variable"},"_links":{"self":[{"href":"https:\/\/makeupstudio.com.uy\/sitio\/wp-json\/wp\/v2\/product\/150","targetHints":{"allow":["GET"]}}],"collection":[{"href":"https:\/\/makeupstudio.com.uy\/sitio\/wp-json\/wp\/v2\/product"}],"about":[{"href":"https:\/\/makeupstudio.com.uy\/sitio\/wp-json\/wp\/v2\/types\/product"}],"replies":[{"embeddable":true,"href":"https:\/\/makeupstudio.com.uy\/sitio\/wp-json\/wp\/v2\/comments?post=150"}],"wp:featuredmedia":[{"embeddable":true,"href":"https:\/\/makeupstudio.com.uy\/sitio\/wp-json\/wp\/v2\/media\/130"}],"wp:attachment":[{"href":"https:\/\/makeupstudio.com.uy\/sitio\/wp-json\/wp\/v2\/media?parent=150"}],"wp:term":[{"taxonomy":"product_brand","embeddable":true,"href":"https:\/\/makeupstudio.com.uy\/sitio\/wp-json\/wp\/v2\/product_brand?post=150"},{"taxonomy":"product_cat","embeddable":true,"href":"https:\/\/makeupstudio.com.uy\/sitio\/wp-json\/wp\/v2\/product_cat?post=150"},{"taxonomy":"product_tag","embeddable":true,"href":"https:\/\/makeupstudio.com.uy\/sitio\/wp-json\/wp\/v2\/product_tag?post=150"}],"curies":[{"name":"wp","href":"https:\/\/api.w.org\/{rel}","templated":true}]}}