{"id":196,"date":"2020-04-22T12:21:45","date_gmt":"2020-04-22T12:21:45","guid":{"rendered":"http:\/\/makeupstudio.com.uy\/sitio\/?post_type=product&#038;p=196"},"modified":"2024-07-25T15:59:06","modified_gmt":"2024-07-25T15:59:06","slug":"set-labios-de-seda","status":"publish","type":"product","link":"https:\/\/makeupstudio.com.uy\/sitio\/producto\/set-labios-de-seda\/","title":{"rendered":"Set Labios de Seda"},"content":{"rendered":"<p>Mascarilla de Labios de Karit\u00e9 Satin Lips. Cuida tus labios con una exfoliaci\u00f3n con finos cristales de az\u00facar que los suaviza y acondiciona. Enriquecida con manteca de karit\u00e9. Deja los labios suaves e hidratados. Aceite de girasol conocido por ser rico en vitamina E (antioxidante).<\/p>\n<p>B\u00e1lsamo de Labios de Karit\u00e9 Satin Lips. Cuida tus labios hidrat\u00e1ndolos y formando una barrera invisible que los protege. Incluye manteca de karit\u00e9 y jojoba que calma y suaviza los labios agrietados. Manteca de jojoba: ayuda a hidratar y proteger la piel.<\/p>\n<p>Consejos de aplicaci\u00f3n:\u00a0Aplica la Mascarilla de Labios de Karit\u00e9 con movimientos circulares durante un minuto y retira.\u00a0Aplica a continuaci\u00f3n el B\u00e1lsamo de Labios de Karit\u00e9.<\/p>\n","protected":false},"excerpt":{"rendered":"<p>Los labios tienen una tendencia a secarse porque no tienen gl\u00e1ndulas que segreguen aceites y su superficie es una piel tan fina que es f\u00e1cil que se agrieten y resequen.<\/p>\n<p>El Set Labios de Seda Satin Lips lleva tus labios al para\u00edso con un tratamiento de spa que podr\u00e1s disfrutar en cualquier momento. Formulado con manteca de Karit\u00e9 y el fresco sabor de t\u00e9 blanco y c\u00edtricos, brindan hidrataci\u00f3n a los labios resecos y agrietados en dos pasos sencillos.<\/p>\n","protected":false},"featured_media":1645,"comment_status":"open","ping_status":"closed","template":"","meta":{"_joinchat":[]},"product_brand":[],"product_cat":[25],"product_tag":[],"class_list":{"0":"post-196","1":"product","2":"type-product","3":"status-publish","4":"has-post-thumbnail","6":"product_cat-labios","8":"first","9":"instock","10":"shipping-taxable","11":"purchasable","12":"product-type-simple"},"_links":{"self":[{"href":"https:\/\/makeupstudio.com.uy\/sitio\/wp-json\/wp\/v2\/product\/196","targetHints":{"allow":["GET"]}}],"collection":[{"href":"https:\/\/makeupstudio.com.uy\/sitio\/wp-json\/wp\/v2\/product"}],"about":[{"href":"https:\/\/makeupstudio.com.uy\/sitio\/wp-json\/wp\/v2\/types\/product"}],"replies":[{"embeddable":true,"href":"https:\/\/makeupstudio.com.uy\/sitio\/wp-json\/wp\/v2\/comments?post=196"}],"wp:featuredmedia":[{"embeddable":true,"href":"https:\/\/makeupstudio.com.uy\/sitio\/wp-json\/wp\/v2\/media\/1645"}],"wp:attachment":[{"href":"https:\/\/makeupstudio.com.uy\/sitio\/wp-json\/wp\/v2\/media?parent=196"}],"wp:term":[{"taxonomy":"product_brand","embeddable":true,"href":"https:\/\/makeupstudio.com.uy\/sitio\/wp-json\/wp\/v2\/product_brand?post=196"},{"taxonomy":"product_cat","embeddable":true,"href":"https:\/\/makeupstudio.com.uy\/sitio\/wp-json\/wp\/v2\/product_cat?post=196"},{"taxonomy":"product_tag","embeddable":true,"href":"https:\/\/makeupstudio.com.uy\/sitio\/wp-json\/wp\/v2\/product_tag?post=196"}],"curies":[{"name":"wp","href":"https:\/\/api.w.org\/{rel}","templated":true}]}}