{"id":2097,"date":"2022-09-01T13:35:23","date_gmt":"2022-09-01T13:35:23","guid":{"rendered":"https:\/\/makeupstudio.com.uy\/sitio\/?post_type=product&#038;p=2097"},"modified":"2025-12-18T20:05:11","modified_gmt":"2025-12-18T20:05:11","slug":"labial-supreme-hidratante","status":"publish","type":"product","link":"https:\/\/makeupstudio.com.uy\/sitio\/producto\/labial-supreme-hidratante\/","title":{"rendered":"Labial Hidratante Supreme"},"content":{"rendered":"<p class=\"gmail-BaseWrap-sc-UABmB gmail-BaseText-fETRLB gmail-SplitScreenContentHeaderHed-fxqeFA gmail-hkSZSE eSCeuJ gmail-imKTgC\"><strong>El labial perfecto para toda ocasi\u00f3n<\/strong><\/p>\n<p>&nbsp;<\/p>\n","protected":false},"excerpt":{"rendered":"<div class=\"gmail-row\">\n<p><em>Supreme Hydrating Lipstick<\/em><\/p>\n<\/div>\n<p class=\"gmail-row\">Este l\u00e1piz labial hace honor a su nombre. Los tonos, que se sienten tan bien como lucen, fueron creados con una f\u00f3rmula que empapa los labios con lujosa hidrataci\u00f3n. El resultado son unos labios humectados al instante y lucen un precioso acabado brillante. Elige tu color supremo!<\/p>\n","protected":false},"featured_media":2110,"comment_status":"open","ping_status":"closed","template":"","meta":{"_joinchat":[]},"product_brand":[],"product_cat":[25,28],"product_tag":[],"class_list":{"0":"post-2097","1":"product","2":"type-product","3":"status-publish","4":"has-post-thumbnail","6":"product_cat-labios","7":"product_cat-maquillaje","8":"pa_supreme-better-than-bare","9":"pa_supreme-casual-rose","10":"pa_supreme-fucsia-dream","11":"pa_supreme-poetic-pink","12":"pa_supreme-rockstart-red","14":"first","15":"instock","16":"shipping-taxable","17":"purchasable","18":"product-type-variable"},"_links":{"self":[{"href":"https:\/\/makeupstudio.com.uy\/sitio\/wp-json\/wp\/v2\/product\/2097","targetHints":{"allow":["GET"]}}],"collection":[{"href":"https:\/\/makeupstudio.com.uy\/sitio\/wp-json\/wp\/v2\/product"}],"about":[{"href":"https:\/\/makeupstudio.com.uy\/sitio\/wp-json\/wp\/v2\/types\/product"}],"replies":[{"embeddable":true,"href":"https:\/\/makeupstudio.com.uy\/sitio\/wp-json\/wp\/v2\/comments?post=2097"}],"wp:featuredmedia":[{"embeddable":true,"href":"https:\/\/makeupstudio.com.uy\/sitio\/wp-json\/wp\/v2\/media\/2110"}],"wp:attachment":[{"href":"https:\/\/makeupstudio.com.uy\/sitio\/wp-json\/wp\/v2\/media?parent=2097"}],"wp:term":[{"taxonomy":"product_brand","embeddable":true,"href":"https:\/\/makeupstudio.com.uy\/sitio\/wp-json\/wp\/v2\/product_brand?post=2097"},{"taxonomy":"product_cat","embeddable":true,"href":"https:\/\/makeupstudio.com.uy\/sitio\/wp-json\/wp\/v2\/product_cat?post=2097"},{"taxonomy":"product_tag","embeddable":true,"href":"https:\/\/makeupstudio.com.uy\/sitio\/wp-json\/wp\/v2\/product_tag?post=2097"}],"curies":[{"name":"wp","href":"https:\/\/api.w.org\/{rel}","templated":true}]}}