{"id":221,"date":"2020-04-22T14:39:49","date_gmt":"2020-04-22T14:39:49","guid":{"rendered":"http:\/\/makeupstudio.com.uy\/sitio\/?post_type=product&#038;p=221"},"modified":"2025-06-23T15:08:09","modified_gmt":"2025-06-23T15:08:09","slug":"cuidado-de-la-piel-skinvigorate-sonic","status":"publish","type":"product","link":"https:\/\/makeupstudio.com.uy\/sitio\/producto\/cuidado-de-la-piel-skinvigorate-sonic\/","title":{"rendered":"Skinvigorate Sonic"},"content":{"rendered":"<p>Relaja la tensi\u00f3n facial y suaviza la apariencia de las l\u00edneas finas de expresi\u00f3n.\u00a0\u00a1Solo necesitas 60 segundos para una\u00a0limpieza profunda perfecta!\u00a0Este dispositivo elimina\u00a04 veces mejor\u00a0la suciedad, impurezas, grasa, maquillaje y poluci\u00f3n en la piel que con una limpieza manual. Limpia lugares dif\u00edciles de llegar y\u00a0se puede usar dos veces al d\u00eda sobre todo tipo de pieles, incluidas las sensibles.<\/p>\n<p style=\"font-weight: 400;\">Impulsa tu rutina con los beneficios de un masaje facial. Contin\u00faa tu experiencia s\u00f3nica con el Cabezal de Masaje Facial, con un dise\u00f1o que se adapta al rostro, este cabezal de masaje puede proporcionar m\u00e1s de 24.000 micro masajes s\u00f3nicos en rostro y cuello en una sola sesi\u00f3n de dos minutos que te ayuda a luchar contra los signos del envejecimiento. Su uso diario deja la piel de rostro y cuello con un aspecto tonificado y firme, las finas l\u00edneas de expresi\u00f3n se suavizan y la piel tiene un aspecto m\u00e1s joven y radiante.<\/p>\n","protected":false},"excerpt":{"rendered":"<p>Skinvigorate Sonic. Cepillo Limpiador + Cabezal Masaje<\/p>\n<p>Personaliza tu r\u00e9gimen de limpieza. Puedes utilizar su cabezal cepillo para limpiar la piel o su cabezal masaje para aplicar el s\u00e9rum. (Disponible repuestos)<\/p>\n<ul>\n<li>3 velocidades. Sin pilas. Bater\u00eda recargable con cable USB.<\/li>\n<li>Apagado autom\u00e1tico a los 60 segundos.<\/li>\n<li>Indicadores LED para informarte de cu\u00e1ndo cargar el dispositivo (LED de color rojo) y cu\u00e1ndo la bater\u00eda est\u00e1 completamente cargada (LED de color verde). Despu\u00e9s de cargarse completamente, el dispositivo puede usarse por 30 d\u00edas (cuando se usa por 4 minutos al d\u00eda).<\/li>\n<li>Puede usarse en la ducha y el lavabo gracias al grado de protecci\u00f3n impermeable est\u00e1ndar IPX7**. No se recomienda sumergirlo completamente en agua.<\/li>\n<\/ul>\n","protected":false},"featured_media":219,"comment_status":"open","ping_status":"closed","template":"","meta":{"_joinchat":[]},"product_brand":[],"product_cat":[29],"product_tag":[],"class_list":{"0":"post-221","1":"product","2":"type-product","3":"status-publish","4":"has-post-thumbnail","6":"product_cat-cuidado-piel","8":"first","9":"instock","10":"shipping-taxable","11":"purchasable","12":"product-type-simple"},"_links":{"self":[{"href":"https:\/\/makeupstudio.com.uy\/sitio\/wp-json\/wp\/v2\/product\/221","targetHints":{"allow":["GET"]}}],"collection":[{"href":"https:\/\/makeupstudio.com.uy\/sitio\/wp-json\/wp\/v2\/product"}],"about":[{"href":"https:\/\/makeupstudio.com.uy\/sitio\/wp-json\/wp\/v2\/types\/product"}],"replies":[{"embeddable":true,"href":"https:\/\/makeupstudio.com.uy\/sitio\/wp-json\/wp\/v2\/comments?post=221"}],"wp:featuredmedia":[{"embeddable":true,"href":"https:\/\/makeupstudio.com.uy\/sitio\/wp-json\/wp\/v2\/media\/219"}],"wp:attachment":[{"href":"https:\/\/makeupstudio.com.uy\/sitio\/wp-json\/wp\/v2\/media?parent=221"}],"wp:term":[{"taxonomy":"product_brand","embeddable":true,"href":"https:\/\/makeupstudio.com.uy\/sitio\/wp-json\/wp\/v2\/product_brand?post=221"},{"taxonomy":"product_cat","embeddable":true,"href":"https:\/\/makeupstudio.com.uy\/sitio\/wp-json\/wp\/v2\/product_cat?post=221"},{"taxonomy":"product_tag","embeddable":true,"href":"https:\/\/makeupstudio.com.uy\/sitio\/wp-json\/wp\/v2\/product_tag?post=221"}],"curies":[{"name":"wp","href":"https:\/\/api.w.org\/{rel}","templated":true}]}}