{"id":225,"date":"2020-04-22T14:51:56","date_gmt":"2020-04-22T14:51:56","guid":{"rendered":"http:\/\/makeupstudio.com.uy\/sitio\/?post_type=product&#038;p=225"},"modified":"2025-06-04T17:08:38","modified_gmt":"2025-06-04T17:08:38","slug":"cuidado-de-la-piel-timewise-microexfoliacion","status":"publish","type":"product","link":"https:\/\/makeupstudio.com.uy\/sitio\/producto\/cuidado-de-la-piel-timewise-microexfoliacion\/","title":{"rendered":"TimeWise Set Microdermabrasi\u00f3n"},"content":{"rendered":"<div>\n<p style=\"text-align: left;\" align=\"center\"><strong><span class=\"il\">Micro<\/span>-Dermabrasi\u00f3n Refinar <\/strong>consiste en un exfoliante avanzado con ingredientes clave utilizados por dermat\u00f3logos para darle energ\u00eda a la piel eliminando las c\u00e9lulas muertas, lo que hace que se reduzca la apariencia de los poros. Esta cremosa f\u00f3rmula tambi\u00e9n alimenta y nutre la piel mediante el aumento de la microcirculaci\u00f3n al aportar ox\u00edgeno logrando un aspecto m\u00e1s sano y radiante.<\/p>\n<p style=\"text-align: left;\" align=\"center\">Alumina: Remueve gentilmente las c\u00e9lulas muertas de la piel.<\/p>\n<\/div>\n<div>\n<p style=\"text-align: left;\" align=\"center\"><strong>Minimizador de Poros <\/strong>nutre la piel con un exclusivo tr\u00edo de extractos adem\u00e1s de otras vitaminas, antioxidantes y anti-irritantes.<\/p>\n<p style=\"text-align: left;\" align=\"center\">T\u00e9 Verde. Protege la piel de los radicales libres del medio ambiente. Planta Marina: Cierra los poros y reconforta la piel.<\/p>\n<\/div>\n","protected":false},"excerpt":{"rendered":"<p>Set de\u00a0<span class=\"il\">Micro<\/span>-Dermoabrasi\u00f3n TimeWise, antes ver\u00e1s los resultados. Con la combinaci\u00f3n de un exfoliante avanzado y un ligero s\u00e9rum, el Set ayuda a combatir las l\u00edneas de expresi\u00f3n y refinar los poros para que puedas disfrutar de una piel maravillosamente suave de inmediato<span class=\"m_-8461894434296054336gmaildefault\">. \u00a1Observ\u00e1 al instante una piel de aspecto liso, exfoliado y renovado!<\/span><\/p>\n","protected":false},"featured_media":2600,"comment_status":"open","ping_status":"closed","template":"","meta":{"_joinchat":[]},"product_brand":[],"product_cat":[29],"product_tag":[],"class_list":{"0":"post-225","1":"product","2":"type-product","3":"status-publish","4":"has-post-thumbnail","6":"product_cat-cuidado-piel","8":"first","9":"instock","10":"shipping-taxable","11":"purchasable","12":"product-type-simple"},"_links":{"self":[{"href":"https:\/\/makeupstudio.com.uy\/sitio\/wp-json\/wp\/v2\/product\/225","targetHints":{"allow":["GET"]}}],"collection":[{"href":"https:\/\/makeupstudio.com.uy\/sitio\/wp-json\/wp\/v2\/product"}],"about":[{"href":"https:\/\/makeupstudio.com.uy\/sitio\/wp-json\/wp\/v2\/types\/product"}],"replies":[{"embeddable":true,"href":"https:\/\/makeupstudio.com.uy\/sitio\/wp-json\/wp\/v2\/comments?post=225"}],"wp:featuredmedia":[{"embeddable":true,"href":"https:\/\/makeupstudio.com.uy\/sitio\/wp-json\/wp\/v2\/media\/2600"}],"wp:attachment":[{"href":"https:\/\/makeupstudio.com.uy\/sitio\/wp-json\/wp\/v2\/media?parent=225"}],"wp:term":[{"taxonomy":"product_brand","embeddable":true,"href":"https:\/\/makeupstudio.com.uy\/sitio\/wp-json\/wp\/v2\/product_brand?post=225"},{"taxonomy":"product_cat","embeddable":true,"href":"https:\/\/makeupstudio.com.uy\/sitio\/wp-json\/wp\/v2\/product_cat?post=225"},{"taxonomy":"product_tag","embeddable":true,"href":"https:\/\/makeupstudio.com.uy\/sitio\/wp-json\/wp\/v2\/product_tag?post=225"}],"curies":[{"name":"wp","href":"https:\/\/api.w.org\/{rel}","templated":true}]}}