{"id":226,"date":"2020-04-22T15:06:04","date_gmt":"2020-04-22T15:06:04","guid":{"rendered":"http:\/\/makeupstudio.com.uy\/sitio\/?post_type=product&#038;p=226"},"modified":"2023-01-03T13:32:40","modified_gmt":"2023-01-03T13:32:40","slug":"cuidado-de-la-piel-timewise-suero-regenerador-c","status":"publish","type":"product","link":"https:\/\/makeupstudio.com.uy\/sitio\/producto\/cuidado-de-la-piel-timewise-suero-regenerador-c\/","title":{"rendered":"TimeWise Suero Regenerador C + E"},"content":{"rendered":"<p style=\"font-weight: 400;\">La f\u00f3rmula de este suero contiene 3 fuentes de vitamina C que ayudan a reafirmar e iluminar la piel:<\/p>\n<ol>\n<li>\u00a0Vitamina C pura (\u00e1cido asc\u00f3rbico) apoya el proceso natural de reparaci\u00f3n de la piel. Las propiedades antioxidantes de la vitamina C y la labor que desempe\u00f1a en la producci\u00f3n natural de col\u00e1geno hacen que este ingrediente sea un componente vital de la salud de la piel.<\/li>\n<li>Extracto de fruta amla (extracto de Phyllanthus emblica) es una fuente rica en vitamina C . Tiene alta capacidad antioxidante para proteger la piel y apoya la producci\u00f3n natural del col\u00e1geno3. El amla es una \u201csuper fruta\u201d, llena de nutrientes incluyendo polifenoles, minerales y vitaminas.<\/li>\n<li>Vitamina C soluble en aceite (ascorbato de tetrahexyl) trabaja en \u00e1reas de la piel que suelen ser dif\u00edciles de acceder.<\/li>\n<\/ol>\n<p style=\"font-weight: 400;\">Contiene tambi\u00e9n extracto de jud\u00eda blanca que reduce la apariencia de decoloraci\u00f3n en la superficie de la piel y\u00a0 a tener una piel m\u00e1s uniforme.<\/p>\n","protected":false},"excerpt":{"rendered":"<div>Replendishing Serum C+E TimeWise<\/div>\n<div class=\"gmail_default\">Aumenta el poder de tu rutina de cuidado de la piel. Un boost de vitaminas para tu piel.<\/div>\n<div>Cada d\u00eda tu piel es atacada por el estr\u00e9s oxidativo. Defi\u00e9ndela con este impulso antioxidante: un poderoso suero facial de vitamina C y E. Estos ingredientes son efectivos individualmente pero unidos se convierten en algo realmente extraordinario. La vitamina E, un potente antioxidante, se al\u00eda con la vitamina C pura para un impulso a la luminosidad y elasticidad de tu piel. <span class=\"gmail_default\">\u200bT\u200b<\/span>u rutina diaria para reafirmar, iluminar y proteger tu piel.<\/div>\n","protected":false},"featured_media":1669,"comment_status":"open","ping_status":"closed","template":"","meta":{"_joinchat":[]},"product_brand":[],"product_cat":[29],"product_tag":[],"class_list":{"0":"post-226","1":"product","2":"type-product","3":"status-publish","4":"has-post-thumbnail","6":"product_cat-cuidado-piel","8":"first","9":"instock","10":"shipping-taxable","11":"purchasable","12":"product-type-simple"},"_links":{"self":[{"href":"https:\/\/makeupstudio.com.uy\/sitio\/wp-json\/wp\/v2\/product\/226","targetHints":{"allow":["GET"]}}],"collection":[{"href":"https:\/\/makeupstudio.com.uy\/sitio\/wp-json\/wp\/v2\/product"}],"about":[{"href":"https:\/\/makeupstudio.com.uy\/sitio\/wp-json\/wp\/v2\/types\/product"}],"replies":[{"embeddable":true,"href":"https:\/\/makeupstudio.com.uy\/sitio\/wp-json\/wp\/v2\/comments?post=226"}],"wp:featuredmedia":[{"embeddable":true,"href":"https:\/\/makeupstudio.com.uy\/sitio\/wp-json\/wp\/v2\/media\/1669"}],"wp:attachment":[{"href":"https:\/\/makeupstudio.com.uy\/sitio\/wp-json\/wp\/v2\/media?parent=226"}],"wp:term":[{"taxonomy":"product_brand","embeddable":true,"href":"https:\/\/makeupstudio.com.uy\/sitio\/wp-json\/wp\/v2\/product_brand?post=226"},{"taxonomy":"product_cat","embeddable":true,"href":"https:\/\/makeupstudio.com.uy\/sitio\/wp-json\/wp\/v2\/product_cat?post=226"},{"taxonomy":"product_tag","embeddable":true,"href":"https:\/\/makeupstudio.com.uy\/sitio\/wp-json\/wp\/v2\/product_tag?post=226"}],"curies":[{"name":"wp","href":"https:\/\/api.w.org\/{rel}","templated":true}]}}