{"id":2395,"date":"2023-09-26T13:15:54","date_gmt":"2023-09-26T13:15:54","guid":{"rendered":"https:\/\/makeupstudio.com.uy\/sitio\/?post_type=product&#038;p=2395"},"modified":"2024-04-05T12:18:29","modified_gmt":"2024-04-05T12:18:29","slug":"timewise-locion-renovadora-de-hidratacion","status":"publish","type":"product","link":"https:\/\/makeupstudio.com.uy\/sitio\/producto\/timewise-locion-renovadora-de-hidratacion\/","title":{"rendered":"TimeWise Loci\u00f3n Renovadora"},"content":{"rendered":"<p><strong>El hialuronato de sodio<\/strong>\u00a0atrae y mantiene la hidrataci\u00f3n de la piel. Es un poderoso humectante que act\u00faa como una esponja, ayudando a atraer y retener la humedad esencial a tu piel. Tambi\u00e9n ofrece propiedades hidratantes que dejan la piel con una sensaci\u00f3n de suavidad extraordinaria.<br \/>\n<strong>Extractos bot\u00e1nicos<\/strong> considerados como antioxidantes naturales y con beneficios antiedad: el extracto de la planta del mirto y el extracto de semilla de lenteja. Estos ingredientes proporcionan unos efectos probados para reducir la actividad de las enzimas relacionadas con la p\u00e9rdida de col\u00e1geno. Como antioxidante, el extracto de planta de mirto ayuda a neutralizar los efectos de envejecimiento causados por los radicales libres. Adem\u00e1s, posee propiedades propiedades calmantes para la piel ampliamente reconocidas.<br \/>\n<strong>Niacinamida<\/strong>,, un derivado de la vitamina B3 con beneficiosas propiedades para la piel, aport\u00e1ndole una apariencia radiante, luminosa y saludable.<br \/>\n<strong>Extracto de baya de acai<\/strong>\u00a0es un antioxidante extraordinario y neutraliza los radicales libres.<br \/>\nCombinaci\u00f3n de elementos bot\u00e1nicos que incluyen: manzanilla , lavanda, romero, palo de rosa y geranio.<\/p>\n","protected":false},"excerpt":{"rendered":"<p>La Loci\u00f3n Renovadora hidrata, refresca y suaviza tu piel a la vez que ayuda a minimizar la apariencia de los poros y restaura el equilibrio natural de la piel, proporcion\u00e1ndole un aspecto m\u00e1s joven, radiante y saludable.<br \/>\nSu f\u00f3rmula contiene ingredientes anti-edad que van m\u00e1s all\u00e1 del t\u00f3nico tradicional,\u00a0elimina el exceso de grasa de la piel y deja una refrescante sensaci\u00f3n.<\/p>\n","protected":false},"featured_media":2450,"comment_status":"open","ping_status":"closed","template":"","meta":{"_joinchat":[]},"product_brand":[],"product_cat":[29],"product_tag":[],"class_list":{"0":"post-2395","1":"product","2":"type-product","3":"status-publish","4":"has-post-thumbnail","6":"product_cat-cuidado-piel","8":"first","9":"instock","10":"shipping-taxable","11":"purchasable","12":"product-type-simple"},"_links":{"self":[{"href":"https:\/\/makeupstudio.com.uy\/sitio\/wp-json\/wp\/v2\/product\/2395","targetHints":{"allow":["GET"]}}],"collection":[{"href":"https:\/\/makeupstudio.com.uy\/sitio\/wp-json\/wp\/v2\/product"}],"about":[{"href":"https:\/\/makeupstudio.com.uy\/sitio\/wp-json\/wp\/v2\/types\/product"}],"replies":[{"embeddable":true,"href":"https:\/\/makeupstudio.com.uy\/sitio\/wp-json\/wp\/v2\/comments?post=2395"}],"wp:featuredmedia":[{"embeddable":true,"href":"https:\/\/makeupstudio.com.uy\/sitio\/wp-json\/wp\/v2\/media\/2450"}],"wp:attachment":[{"href":"https:\/\/makeupstudio.com.uy\/sitio\/wp-json\/wp\/v2\/media?parent=2395"}],"wp:term":[{"taxonomy":"product_brand","embeddable":true,"href":"https:\/\/makeupstudio.com.uy\/sitio\/wp-json\/wp\/v2\/product_brand?post=2395"},{"taxonomy":"product_cat","embeddable":true,"href":"https:\/\/makeupstudio.com.uy\/sitio\/wp-json\/wp\/v2\/product_cat?post=2395"},{"taxonomy":"product_tag","embeddable":true,"href":"https:\/\/makeupstudio.com.uy\/sitio\/wp-json\/wp\/v2\/product_tag?post=2395"}],"curies":[{"name":"wp","href":"https:\/\/api.w.org\/{rel}","templated":true}]}}