{"id":2396,"date":"2023-09-26T13:22:44","date_gmt":"2023-09-26T13:22:44","guid":{"rendered":"https:\/\/makeupstudio.com.uy\/sitio\/?post_type=product&#038;p=2396"},"modified":"2024-12-03T02:43:35","modified_gmt":"2024-12-03T02:43:35","slug":"maquillaje-profesional","status":"publish","type":"product","link":"https:\/\/makeupstudio.com.uy\/sitio\/producto\/maquillaje-profesional\/","title":{"rendered":"Maquillaje Profesional"},"content":{"rendered":"<p>Utilizamos productos de alta cosm\u00e9tica aptos para la tecnolog\u00eda High Definition (HD). La imagen en alta definici\u00f3n se ve 6 veces m\u00e1s que la imagen standard; cada imperfecci\u00f3n, defecto, arruga o rojez se acent\u00faa. Los primeros planos de la imagen HD no permiten maquillajes excesivos por lo tanto es necesario utilizar productos livianos y sutiles pero con buena cobertura. Los polvos, sombras y rubores minerales tienen una cobertura excelente y contienen Vitaminas A, C y E. Todos los productos son hipoalerg\u00e9nicos, adecuados para piel y ojos sensibles.<\/p>\n<p>Los servicios de maquillaje se realizan a domicilio o en MakeUp Studio. En eventos importantes es necesario agendar una entrevista previa para recibir asesoramiento personalizado, ese d\u00eda se puede realizar la prueba y as\u00ed dise\u00f1ar el maquillaje ideal seg\u00fan la ocasi\u00f3n y estilo.<\/p>\n<p>Lic. Violeta Seferi\u00e1n &#8211; Rbla. Mahatma Gandhi 629<\/p>\n","protected":false},"excerpt":{"rendered":"<p>Social, Bodas,\u00a0\u200b\u200bMadrinas,\u00a0\u200bQuince. Eventos especiales.<\/p>\n<p>Teatro &amp; Pasarela. Fotograf\u00eda &amp; Editorial.<\/p>\n","protected":false},"featured_media":2399,"comment_status":"open","ping_status":"closed","template":"","meta":{"_joinchat":[]},"product_brand":[],"product_cat":[28],"product_tag":[],"class_list":{"0":"post-2396","1":"product","2":"type-product","3":"status-publish","4":"has-post-thumbnail","6":"product_cat-maquillaje","8":"first","9":"instock","10":"shipping-taxable","11":"product-type-simple"},"_links":{"self":[{"href":"https:\/\/makeupstudio.com.uy\/sitio\/wp-json\/wp\/v2\/product\/2396","targetHints":{"allow":["GET"]}}],"collection":[{"href":"https:\/\/makeupstudio.com.uy\/sitio\/wp-json\/wp\/v2\/product"}],"about":[{"href":"https:\/\/makeupstudio.com.uy\/sitio\/wp-json\/wp\/v2\/types\/product"}],"replies":[{"embeddable":true,"href":"https:\/\/makeupstudio.com.uy\/sitio\/wp-json\/wp\/v2\/comments?post=2396"}],"wp:featuredmedia":[{"embeddable":true,"href":"https:\/\/makeupstudio.com.uy\/sitio\/wp-json\/wp\/v2\/media\/2399"}],"wp:attachment":[{"href":"https:\/\/makeupstudio.com.uy\/sitio\/wp-json\/wp\/v2\/media?parent=2396"}],"wp:term":[{"taxonomy":"product_brand","embeddable":true,"href":"https:\/\/makeupstudio.com.uy\/sitio\/wp-json\/wp\/v2\/product_brand?post=2396"},{"taxonomy":"product_cat","embeddable":true,"href":"https:\/\/makeupstudio.com.uy\/sitio\/wp-json\/wp\/v2\/product_cat?post=2396"},{"taxonomy":"product_tag","embeddable":true,"href":"https:\/\/makeupstudio.com.uy\/sitio\/wp-json\/wp\/v2\/product_tag?post=2396"}],"curies":[{"name":"wp","href":"https:\/\/api.w.org\/{rel}","templated":true}]}}