{"id":2474,"date":"2024-04-18T02:29:53","date_gmt":"2024-04-18T02:29:53","guid":{"rendered":"https:\/\/makeupstudio.com.uy\/sitio\/?post_type=product&#038;p=2474"},"modified":"2025-02-28T00:02:05","modified_gmt":"2025-02-28T00:02:05","slug":"linea-timewise","status":"publish","type":"product","link":"https:\/\/makeupstudio.com.uy\/sitio\/producto\/linea-timewise\/","title":{"rendered":"TimeWise"},"content":{"rendered":"<p>El <strong>Set Milagroso Ideal TimeWise<\/strong> . La combinaci\u00f3n de Resveratrol Encapsulado, Vitamina B3 y P\u00e9ptido contra l\u00edneas de expresi\u00f3n, cubren tres dimensiones fundamentales de la piel que ayudan a proteger contra las causas del envejecimiento prematuro visible de la piel.<\/p>\n<p>Considerado como el <b>ABC de la piel<\/b><b>.<\/b><\/p>\n<p><strong>Antioxidantes<\/strong>.\u00a0Brindan protecci\u00f3n avanzada contra los da\u00f1os causados por los radicales libres, que aceleran el envejecimiento de la piel.<\/p>\n<p><strong>Brillo<\/strong>.\u00a0Ayuda a lograr un tono de piel m\u00e1s uniforme.<\/p>\n<p><strong>Col\u00e1geno<\/strong>.\u00a0Ayuda a conservar el col\u00e1geno y la elastina naturales de la piel, minimizando las l\u00edneas finas y mejorando la firmeza.<\/p>\n","protected":false},"excerpt":{"rendered":"<p><strong>Set Milagroso TimeWise <\/strong>posterga la aparici\u00f3n de signos visibles de envejecimiento con productos espec\u00edficos, uno para el d\u00eda que brinda protecci\u00f3n a tu piel y otro para la noche que favorecen el proceso de regeneraci\u00f3n natural.<\/p>\n<p>&nbsp;<\/p>\n<p>&nbsp;<\/p>\n","protected":false},"featured_media":2475,"comment_status":"open","ping_status":"closed","template":"","meta":{"_joinchat":[]},"product_brand":[],"product_cat":[29],"product_tag":[26],"class_list":{"0":"post-2474","1":"product","2":"type-product","3":"status-publish","4":"has-post-thumbnail","6":"product_cat-cuidado-piel","7":"product_tag-cuidado-piel","8":"pa_linea-timewise-contorno-de-ojos","9":"pa_linea-timewise-gel-recuperador-nocturno","10":"pa_linea-timewise-humectante-antioxidantes","11":"pa_linea-timewise-limpiador-4-en-1","12":"pa_linea-timewise-protectora-dia-spf30","13":"pa_linea-timewise-set-am-pm","14":"pa_linea-timewise-set-basico","15":"pa_linea-timewise-set-milagroso-avanzado","16":"pa_linea-timewise-set-milagroso-ideal","18":"first","19":"instock","20":"shipping-taxable","21":"purchasable","22":"product-type-variable"},"_links":{"self":[{"href":"https:\/\/makeupstudio.com.uy\/sitio\/wp-json\/wp\/v2\/product\/2474","targetHints":{"allow":["GET"]}}],"collection":[{"href":"https:\/\/makeupstudio.com.uy\/sitio\/wp-json\/wp\/v2\/product"}],"about":[{"href":"https:\/\/makeupstudio.com.uy\/sitio\/wp-json\/wp\/v2\/types\/product"}],"replies":[{"embeddable":true,"href":"https:\/\/makeupstudio.com.uy\/sitio\/wp-json\/wp\/v2\/comments?post=2474"}],"wp:featuredmedia":[{"embeddable":true,"href":"https:\/\/makeupstudio.com.uy\/sitio\/wp-json\/wp\/v2\/media\/2475"}],"wp:attachment":[{"href":"https:\/\/makeupstudio.com.uy\/sitio\/wp-json\/wp\/v2\/media?parent=2474"}],"wp:term":[{"taxonomy":"product_brand","embeddable":true,"href":"https:\/\/makeupstudio.com.uy\/sitio\/wp-json\/wp\/v2\/product_brand?post=2474"},{"taxonomy":"product_cat","embeddable":true,"href":"https:\/\/makeupstudio.com.uy\/sitio\/wp-json\/wp\/v2\/product_cat?post=2474"},{"taxonomy":"product_tag","embeddable":true,"href":"https:\/\/makeupstudio.com.uy\/sitio\/wp-json\/wp\/v2\/product_tag?post=2474"}],"curies":[{"name":"wp","href":"https:\/\/api.w.org\/{rel}","templated":true}]}}