{"id":2635,"date":"2024-12-02T17:15:04","date_gmt":"2024-12-02T17:15:04","guid":{"rendered":"https:\/\/makeupstudio.com.uy\/sitio\/?post_type=product&#038;p=2635"},"modified":"2025-11-02T19:15:55","modified_gmt":"2025-11-02T19:15:55","slug":"reafirmante-corporal","status":"publish","type":"product","link":"https:\/\/makeupstudio.com.uy\/sitio\/producto\/reafirmante-corporal\/","title":{"rendered":"Reafirmante Corporal"},"content":{"rendered":"<p>Restablece el ritmo\u00a0del envejecimiento\u00a0visible de la piel\u00a0con resultados\u00a0comprobados\u00a0en 2 semanas\u00a094% sintieron una piel\u00a0m\u00e1s suave. En\u00a04 semanas\u00a081% \u00a0experimentaron\u00a0un aumento en la\u00a0firmeza de su piel\u00a0y\u00a077% sintieron su piel m\u00e1s\u00a0tonificada. En\u00a08 semanas\u00a076%\u00a0observaron una\u00a0mayor definici\u00f3n de\u00a0su piel.<\/p>\n","protected":false},"excerpt":{"rendered":"<p>Am\u00e1 tu cuerpo a cualquier edad.<\/p>\n<div dir=\"auto\">\n<p><strong>Loci\u00f3n Tonificante Corporal\u00a0<\/strong><\/p>\n<\/div>\n<p>Esta loci\u00f3n contiene nuestro exclusivo complejo TimeWise 3D. Proporciona beneficios visibles de tonificaci\u00f3n corporal y 24 horas de hidrataci\u00f3n que ayuda a fortalecer la capacidad de la piel para lucir su mejor aspecto durante m\u00e1s tiempo.<\/p>\n","protected":false},"featured_media":2653,"comment_status":"open","ping_status":"closed","template":"","meta":{"_joinchat":[]},"product_brand":[],"product_cat":[29],"product_tag":[],"class_list":{"0":"post-2635","1":"product","2":"type-product","3":"status-publish","4":"has-post-thumbnail","6":"product_cat-cuidado-piel","8":"first","9":"instock","10":"shipping-taxable","11":"purchasable","12":"product-type-simple"},"_links":{"self":[{"href":"https:\/\/makeupstudio.com.uy\/sitio\/wp-json\/wp\/v2\/product\/2635","targetHints":{"allow":["GET"]}}],"collection":[{"href":"https:\/\/makeupstudio.com.uy\/sitio\/wp-json\/wp\/v2\/product"}],"about":[{"href":"https:\/\/makeupstudio.com.uy\/sitio\/wp-json\/wp\/v2\/types\/product"}],"replies":[{"embeddable":true,"href":"https:\/\/makeupstudio.com.uy\/sitio\/wp-json\/wp\/v2\/comments?post=2635"}],"wp:featuredmedia":[{"embeddable":true,"href":"https:\/\/makeupstudio.com.uy\/sitio\/wp-json\/wp\/v2\/media\/2653"}],"wp:attachment":[{"href":"https:\/\/makeupstudio.com.uy\/sitio\/wp-json\/wp\/v2\/media?parent=2635"}],"wp:term":[{"taxonomy":"product_brand","embeddable":true,"href":"https:\/\/makeupstudio.com.uy\/sitio\/wp-json\/wp\/v2\/product_brand?post=2635"},{"taxonomy":"product_cat","embeddable":true,"href":"https:\/\/makeupstudio.com.uy\/sitio\/wp-json\/wp\/v2\/product_cat?post=2635"},{"taxonomy":"product_tag","embeddable":true,"href":"https:\/\/makeupstudio.com.uy\/sitio\/wp-json\/wp\/v2\/product_tag?post=2635"}],"curies":[{"name":"wp","href":"https:\/\/api.w.org\/{rel}","templated":true}]}}