{"id":316,"date":"2020-04-28T01:35:53","date_gmt":"2020-04-28T01:35:53","guid":{"rendered":"http:\/\/makeupstudio.com.uy\/sitio\/?post_type=product&#038;p=316"},"modified":"2025-03-20T17:08:02","modified_gmt":"2025-03-20T17:08:02","slug":"taller-de-automaquillaje","status":"publish","type":"product","link":"https:\/\/makeupstudio.com.uy\/sitio\/producto\/taller-de-automaquillaje\/","title":{"rendered":"Taller de Automaquillaje"},"content":{"rendered":"<p>Temario:<\/p>\n<ul>\n<li>Cuidados de la piel: limpieza e hidrataci\u00f3n.<\/li>\n<li>Aplicaci\u00f3n de la base, corrector y polvo.<\/li>\n<li>Contorno, rubor, iluminador.<\/li>\n<li>Ojos: iluminaci\u00f3n, sombreado y delineado.<\/li>\n<li>Cejas, pesta\u00f1as y labial.<\/li>\n<li>C\u00f3mo crear distintos looks seg\u00fan la ocasi\u00f3n.<\/li>\n<li>Pr\u00e1ctica asistida.<\/li>\n<li>Herramientas: Brochas y pinceles.<\/li>\n<li>Asesoramiento para tu kit personal de maquillaje.<\/li>\n<\/ul>\n<p>Los materiales los provee el Studio, cuidado de la piel, maquillaje y pinceles para la pr\u00e1ctica en clase, de todas maneras pueden traer los productos que utilizan para recibir asesoramiento personalizado. La clase es totalmente pr\u00e1ctica y personalizada; dura aproximadamente 2 horas.<\/p>\n<p>Rbla. Mahatma Gandhi 627 esq. 21 de Setiembre. <span style=\"font-size: 12pt;\">Cont\u00e1ctanos 094455355<\/span><\/p>\n","protected":false},"excerpt":{"rendered":"<p style=\"padding-left: 40px; text-align: left;\"><span style=\"font-size: large;\">Domina el MAQUILLAJE con confianza, nos encantan las mujeres seguras. El look natural lleva 10 minutos, una imagen impecable y dar\u00e1s una buena impresi\u00f3n.\u00a0<\/span><\/p>\n","protected":false},"featured_media":2157,"comment_status":"open","ping_status":"closed","template":"","meta":{"_joinchat":[]},"product_brand":[],"product_cat":[40],"product_tag":[41],"class_list":{"0":"post-316","1":"product","2":"type-product","3":"status-publish","4":"has-post-thumbnail","6":"product_cat-automaquillaje","7":"product_tag-belleza","9":"first","10":"instock","11":"shipping-taxable","12":"purchasable","13":"product-type-simple"},"_links":{"self":[{"href":"https:\/\/makeupstudio.com.uy\/sitio\/wp-json\/wp\/v2\/product\/316","targetHints":{"allow":["GET"]}}],"collection":[{"href":"https:\/\/makeupstudio.com.uy\/sitio\/wp-json\/wp\/v2\/product"}],"about":[{"href":"https:\/\/makeupstudio.com.uy\/sitio\/wp-json\/wp\/v2\/types\/product"}],"replies":[{"embeddable":true,"href":"https:\/\/makeupstudio.com.uy\/sitio\/wp-json\/wp\/v2\/comments?post=316"}],"wp:featuredmedia":[{"embeddable":true,"href":"https:\/\/makeupstudio.com.uy\/sitio\/wp-json\/wp\/v2\/media\/2157"}],"wp:attachment":[{"href":"https:\/\/makeupstudio.com.uy\/sitio\/wp-json\/wp\/v2\/media?parent=316"}],"wp:term":[{"taxonomy":"product_brand","embeddable":true,"href":"https:\/\/makeupstudio.com.uy\/sitio\/wp-json\/wp\/v2\/product_brand?post=316"},{"taxonomy":"product_cat","embeddable":true,"href":"https:\/\/makeupstudio.com.uy\/sitio\/wp-json\/wp\/v2\/product_cat?post=316"},{"taxonomy":"product_tag","embeddable":true,"href":"https:\/\/makeupstudio.com.uy\/sitio\/wp-json\/wp\/v2\/product_tag?post=316"}],"curies":[{"name":"wp","href":"https:\/\/api.w.org\/{rel}","templated":true}]}}