{"id":329,"date":"2020-04-28T16:51:08","date_gmt":"2020-04-28T16:51:08","guid":{"rendered":"http:\/\/makeupstudio.com.uy\/sitio\/?post_type=product&#038;p=329"},"modified":"2025-10-05T11:47:40","modified_gmt":"2025-10-05T11:47:40","slug":"set-manos-de-seda-satin-hands","status":"publish","type":"product","link":"https:\/\/makeupstudio.com.uy\/sitio\/producto\/set-manos-de-seda-satin-hands\/","title":{"rendered":"Set Manos y Cuerpo"},"content":{"rendered":"<div class=\"row\">\n<p><strong>Set Manos y Cuerpo de Seda Satin Hands T\u00e9 Blanco &amp; C\u00edtricos<\/strong><\/p>\n<\/div>\n<div class=\"row\">Creado para dar una dosis extra de cuidados, te transporta a un spa relajante en tres sencillos pasos. Este tratamiento ayuda a mantener la juventud, suaviza las zonas secas, calmando y protegiendo la piel.\u00a0 Adem\u00e1s miman tus sentidos gracias al suave aroma a t\u00e9 blanco y c\u00edtricos. Este aroma adem\u00e1s cuenta con refrescantes notas de pomelo rosa, hierba de lim\u00f3n, cardamomo, flor de cerezo y jazm\u00edn en flor.\u00a0 \u00a1Un toque de felicidad al instante!<\/div>\n","protected":false},"excerpt":{"rendered":"<p>Set Manos y Cuerpo de Seda Satin Hands T\u00e9 Blanco &amp; C\u00edtricos Creado para dar una dosis extra de cuidados, te transporta a un spa relajante en tres sencillos pasos. Este tratamiento ayuda a mantener la juventud, suaviza las zonas secas, calmando y protegiendo la piel.\u00a0 Adem\u00e1s miman tus sentidos gracias al suave aroma a [&hellip;]<\/p>\n","protected":false},"featured_media":2618,"comment_status":"open","ping_status":"closed","template":"","meta":{"_joinchat":[]},"product_brand":[],"product_cat":[29],"product_tag":[],"class_list":{"0":"post-329","1":"product","2":"type-product","3":"status-publish","4":"has-post-thumbnail","6":"product_cat-cuidado-piel","7":"pa_satin-crema-manos","8":"pa_satin-crema-pies","9":"pa_satin-cremas-manos","10":"pa_satin-satin-hands","11":"pa_satin-satin-lips","12":"pa_satin-gel-locion","14":"first","15":"instock","16":"shipping-taxable","17":"purchasable","18":"product-type-variable"},"_links":{"self":[{"href":"https:\/\/makeupstudio.com.uy\/sitio\/wp-json\/wp\/v2\/product\/329","targetHints":{"allow":["GET"]}}],"collection":[{"href":"https:\/\/makeupstudio.com.uy\/sitio\/wp-json\/wp\/v2\/product"}],"about":[{"href":"https:\/\/makeupstudio.com.uy\/sitio\/wp-json\/wp\/v2\/types\/product"}],"replies":[{"embeddable":true,"href":"https:\/\/makeupstudio.com.uy\/sitio\/wp-json\/wp\/v2\/comments?post=329"}],"wp:featuredmedia":[{"embeddable":true,"href":"https:\/\/makeupstudio.com.uy\/sitio\/wp-json\/wp\/v2\/media\/2618"}],"wp:attachment":[{"href":"https:\/\/makeupstudio.com.uy\/sitio\/wp-json\/wp\/v2\/media?parent=329"}],"wp:term":[{"taxonomy":"product_brand","embeddable":true,"href":"https:\/\/makeupstudio.com.uy\/sitio\/wp-json\/wp\/v2\/product_brand?post=329"},{"taxonomy":"product_cat","embeddable":true,"href":"https:\/\/makeupstudio.com.uy\/sitio\/wp-json\/wp\/v2\/product_cat?post=329"},{"taxonomy":"product_tag","embeddable":true,"href":"https:\/\/makeupstudio.com.uy\/sitio\/wp-json\/wp\/v2\/product_tag?post=329"}],"curies":[{"name":"wp","href":"https:\/\/api.w.org\/{rel}","templated":true}]}}