{"id":423,"date":"2020-05-01T13:54:03","date_gmt":"2020-05-01T13:54:03","guid":{"rendered":"https:\/\/makeupstudio.com.uy\/sitio\/?post_type=product&#038;p=423"},"modified":"2025-04-11T12:46:11","modified_gmt":"2025-04-11T12:46:11","slug":"delineador-cejas","status":"publish","type":"product","link":"https:\/\/makeupstudio.com.uy\/sitio\/producto\/delineador-cejas\/","title":{"rendered":"L\u00e1piz y Gel Cejas"},"content":{"rendered":"<p>El l\u00e1piz para cejas te permite definirlas con precisi\u00f3n y a\u00f1adir pigmento a la perfecci\u00f3n.\u00a0 Selecciona el tono que mejor complementa tu color de cabello y crea trazos suaves para unas cejas que lucen naturales, definici\u00f3n fiel y un aspecto m\u00e1s tupido. F\u00f3rmula de larga duraci\u00f3n.<\/p>\n<div>\n<p>El gel voluminizador para cejas cuenta con un tono de larga duraci\u00f3n y fibras microsc\u00f3picas que se adhieren a los vellos para avivar visiblemente las cejas delgadas y escasas. Est\u00e1 formulado con pantenol para acondicionar las cejas. \u00dasalo solo o con otros productos para cejas para crear mayor definici\u00f3n. Con una aplicaci\u00f3n f\u00e1cil y secado r\u00e1pido.<\/p>\n<\/div>\n","protected":false},"excerpt":{"rendered":"<div>El delineador retr\u00e1ctil para cejas presenta una micropunta retractable para delinear, definir y rellenar las cejas con precisi\u00f3n y a\u00f1adir pigmento a la perfecci\u00f3n. <em>Dark Blonde, Brunette, Black Brown.<\/em><\/div>\n<div><\/div>\n<div class=\"gmail_default\">El gel voluminizador para cejas da volumen, brinda color y alinea para que tus cejas sean el marco perfecto para tu rostro. Dark Blonde y Dark Brunette<\/div>\n","protected":false},"featured_media":425,"comment_status":"open","ping_status":"closed","template":"","meta":{"_joinchat":[]},"product_brand":[],"product_cat":[28],"product_tag":[45],"class_list":{"0":"post-423","1":"product","2":"type-product","3":"status-publish","4":"has-post-thumbnail","6":"product_cat-maquillaje","7":"product_tag-cejas","9":"first","10":"instock","11":"shipping-taxable","12":"purchasable","13":"product-type-simple"},"_links":{"self":[{"href":"https:\/\/makeupstudio.com.uy\/sitio\/wp-json\/wp\/v2\/product\/423","targetHints":{"allow":["GET"]}}],"collection":[{"href":"https:\/\/makeupstudio.com.uy\/sitio\/wp-json\/wp\/v2\/product"}],"about":[{"href":"https:\/\/makeupstudio.com.uy\/sitio\/wp-json\/wp\/v2\/types\/product"}],"replies":[{"embeddable":true,"href":"https:\/\/makeupstudio.com.uy\/sitio\/wp-json\/wp\/v2\/comments?post=423"}],"wp:featuredmedia":[{"embeddable":true,"href":"https:\/\/makeupstudio.com.uy\/sitio\/wp-json\/wp\/v2\/media\/425"}],"wp:attachment":[{"href":"https:\/\/makeupstudio.com.uy\/sitio\/wp-json\/wp\/v2\/media?parent=423"}],"wp:term":[{"taxonomy":"product_brand","embeddable":true,"href":"https:\/\/makeupstudio.com.uy\/sitio\/wp-json\/wp\/v2\/product_brand?post=423"},{"taxonomy":"product_cat","embeddable":true,"href":"https:\/\/makeupstudio.com.uy\/sitio\/wp-json\/wp\/v2\/product_cat?post=423"},{"taxonomy":"product_tag","embeddable":true,"href":"https:\/\/makeupstudio.com.uy\/sitio\/wp-json\/wp\/v2\/product_tag?post=423"}],"curies":[{"name":"wp","href":"https:\/\/api.w.org\/{rel}","templated":true}]}}