{"id":435,"date":"2020-05-01T15:57:35","date_gmt":"2020-05-01T15:57:35","guid":{"rendered":"https:\/\/makeupstudio.com.uy\/sitio\/?post_type=product&#038;p=435"},"modified":"2026-04-23T05:27:17","modified_gmt":"2026-04-23T05:27:17","slug":"rubor-chromafusion","status":"publish","type":"product","link":"https:\/\/makeupstudio.com.uy\/sitio\/producto\/rubor-chromafusion\/","title":{"rendered":"Bronzer, Rubor e Iluminador"},"content":{"rendered":"<p><img loading=\"lazy\" decoding=\"async\" class=\"size-medium wp-image-1643 alignleft\" src=\"https:\/\/makeupstudio.com.uy\/sitio\/wp-content\/uploads\/2020\/05\/Rubores7-240x300.jpg\" alt=\"\" width=\"240\" height=\"300\" srcset=\"https:\/\/makeupstudio.com.uy\/sitio\/wp-content\/uploads\/2020\/05\/Rubores7-240x300.jpg 240w, https:\/\/makeupstudio.com.uy\/sitio\/wp-content\/uploads\/2020\/05\/Rubores7-600x749.jpg 600w, https:\/\/makeupstudio.com.uy\/sitio\/wp-content\/uploads\/2020\/05\/Rubores7-820x1024.jpg 820w, https:\/\/makeupstudio.com.uy\/sitio\/wp-content\/uploads\/2020\/05\/Rubores7-768x959.jpg 768w, https:\/\/makeupstudio.com.uy\/sitio\/wp-content\/uploads\/2020\/05\/Rubores7-416x520.jpg 416w, https:\/\/makeupstudio.com.uy\/sitio\/wp-content\/uploads\/2020\/05\/Rubores7.jpg 1080w\" sizes=\"auto, (max-width: 240px) 100vw, 240px\" \/><\/p>\n<p><strong>Rubores<\/strong>: Hint of Pink, Rosy Nude (Mate),\u00a0 Juicy Peach, Desert Rose, Wineberry, Rogue Rose (Luminosos).<\/p>\n<p><strong>Contorno<\/strong>: Latte Mate.<\/p>\n<p><strong>Iluminador<\/strong>: Glazed Perlado.<\/p>\n<p>&nbsp;<\/p>\n","protected":false},"excerpt":{"rendered":"<p>Tecnolog\u00eda Chromafusion Matrix. F\u00f3rmula de larga duraci\u00f3n. La fusi\u00f3n del color puro y pigmentos que reflejan la luz crean un resplandor de aspecto natural favorecedora para cada tono de piel.<\/p>\n","protected":false},"featured_media":311,"comment_status":"open","ping_status":"closed","template":"","meta":{"_joinchat":[]},"product_brand":[],"product_cat":[28],"product_tag":[],"class_list":{"0":"post-435","1":"product","2":"type-product","3":"status-publish","4":"has-post-thumbnail","6":"product_cat-maquillaje","8":"first","9":"instock","10":"shipping-taxable","11":"purchasable","12":"product-type-variable"},"_links":{"self":[{"href":"https:\/\/makeupstudio.com.uy\/sitio\/wp-json\/wp\/v2\/product\/435","targetHints":{"allow":["GET"]}}],"collection":[{"href":"https:\/\/makeupstudio.com.uy\/sitio\/wp-json\/wp\/v2\/product"}],"about":[{"href":"https:\/\/makeupstudio.com.uy\/sitio\/wp-json\/wp\/v2\/types\/product"}],"replies":[{"embeddable":true,"href":"https:\/\/makeupstudio.com.uy\/sitio\/wp-json\/wp\/v2\/comments?post=435"}],"wp:featuredmedia":[{"embeddable":true,"href":"https:\/\/makeupstudio.com.uy\/sitio\/wp-json\/wp\/v2\/media\/311"}],"wp:attachment":[{"href":"https:\/\/makeupstudio.com.uy\/sitio\/wp-json\/wp\/v2\/media?parent=435"}],"wp:term":[{"taxonomy":"product_brand","embeddable":true,"href":"https:\/\/makeupstudio.com.uy\/sitio\/wp-json\/wp\/v2\/product_brand?post=435"},{"taxonomy":"product_cat","embeddable":true,"href":"https:\/\/makeupstudio.com.uy\/sitio\/wp-json\/wp\/v2\/product_cat?post=435"},{"taxonomy":"product_tag","embeddable":true,"href":"https:\/\/makeupstudio.com.uy\/sitio\/wp-json\/wp\/v2\/product_tag?post=435"}],"curies":[{"name":"wp","href":"https:\/\/api.w.org\/{rel}","templated":true}]}}