{"id":442,"date":"2020-05-01T16:18:31","date_gmt":"2020-05-01T16:18:31","guid":{"rendered":"https:\/\/makeupstudio.com.uy\/sitio\/?post_type=product&#038;p=442"},"modified":"2024-12-26T16:50:51","modified_gmt":"2024-12-26T16:50:51","slug":"delineador-plumon-waterproof","status":"publish","type":"product","link":"https:\/\/makeupstudio.com.uy\/sitio\/producto\/delineador-plumon-waterproof\/","title":{"rendered":"Delineador L\u00edquido"},"content":{"rendered":"<p>Punta estilo plum\u00f3n que te permite lograr diferentes looks para distintas ocasiones. Pigmento de carb\u00f3n negro de alta pureza que proporciona un color intenso y duradero. A prueba de agua. Se aplica sin problemas y seca r\u00e1pidamente.<\/p>\n","protected":false},"excerpt":{"rendered":"<p>Crea con confianza cualquier look de ojos. Traza l\u00edneas con este delineador a prueba de agua que te permite crear con facilidad un look de alto impacto y color inyenso negro carb\u00f3n.<\/p>\n<p>&nbsp;<\/p>\n<p>&nbsp;<\/p>\n","protected":false},"featured_media":562,"comment_status":"open","ping_status":"closed","template":"","meta":{"_joinchat":[]},"product_brand":[],"product_cat":[28],"product_tag":[46],"class_list":{"0":"post-442","1":"product","2":"type-product","3":"status-publish","4":"has-post-thumbnail","6":"product_cat-maquillaje","7":"product_tag-ojos","9":"first","10":"instock","11":"shipping-taxable","12":"purchasable","13":"product-type-simple"},"_links":{"self":[{"href":"https:\/\/makeupstudio.com.uy\/sitio\/wp-json\/wp\/v2\/product\/442","targetHints":{"allow":["GET"]}}],"collection":[{"href":"https:\/\/makeupstudio.com.uy\/sitio\/wp-json\/wp\/v2\/product"}],"about":[{"href":"https:\/\/makeupstudio.com.uy\/sitio\/wp-json\/wp\/v2\/types\/product"}],"replies":[{"embeddable":true,"href":"https:\/\/makeupstudio.com.uy\/sitio\/wp-json\/wp\/v2\/comments?post=442"}],"wp:featuredmedia":[{"embeddable":true,"href":"https:\/\/makeupstudio.com.uy\/sitio\/wp-json\/wp\/v2\/media\/562"}],"wp:attachment":[{"href":"https:\/\/makeupstudio.com.uy\/sitio\/wp-json\/wp\/v2\/media?parent=442"}],"wp:term":[{"taxonomy":"product_brand","embeddable":true,"href":"https:\/\/makeupstudio.com.uy\/sitio\/wp-json\/wp\/v2\/product_brand?post=442"},{"taxonomy":"product_cat","embeddable":true,"href":"https:\/\/makeupstudio.com.uy\/sitio\/wp-json\/wp\/v2\/product_cat?post=442"},{"taxonomy":"product_tag","embeddable":true,"href":"https:\/\/makeupstudio.com.uy\/sitio\/wp-json\/wp\/v2\/product_tag?post=442"}],"curies":[{"name":"wp","href":"https:\/\/api.w.org\/{rel}","templated":true}]}}