{"id":444,"date":"2020-05-01T17:50:56","date_gmt":"2020-05-01T17:50:56","guid":{"rendered":"https:\/\/makeupstudio.com.uy\/sitio\/?post_type=product&#038;p=444"},"modified":"2026-04-16T15:10:33","modified_gmt":"2026-04-16T15:10:33","slug":"polvo-translucido","status":"publish","type":"product","link":"https:\/\/makeupstudio.com.uy\/sitio\/producto\/polvo-translucido\/","title":{"rendered":"Polvo Transl\u00facido"},"content":{"rendered":"<p>Translucent Loose Powder.\u00a0 Adecuado para todo tipo de piel, incluso para pieles sensibles. Su f\u00f3rmula de larga duraci\u00f3n mantiene el maquillaje como reci\u00e9n aplicado durante todo el d\u00eda, controlando el brillo no deseado sin aportar color.<\/p>\n<div dir=\"auto\">\n<div dir=\"auto\"><\/div>\n<\/div>\n","protected":false},"excerpt":{"rendered":"<p>El tono perfecto para cada mujer. Mantiene fijo el maquillaje con una capa ligera y aterciopelada. Contiene propiedades difusoras de la luz dise\u00f1adas para minimizar las imperfecciones y controla el brillo logrando un acabado perfecto.<\/p>\n<div dir=\"auto\" data-smartmail=\"gmail_signature\">\n<form action=\"https:\/\/makeupstudio.com.uy\/sitio\/producto\/polvo-translucido\/\" enctype=\"multipart\/form-data\" method=\"post\">\n<div><\/div>\n<\/form>\n<\/div>\n","protected":false},"featured_media":835,"comment_status":"open","ping_status":"closed","template":"","meta":{"_joinchat":[]},"product_brand":[],"product_cat":[28],"product_tag":[],"class_list":{"0":"post-444","1":"product","2":"type-product","3":"status-publish","4":"has-post-thumbnail","6":"product_cat-maquillaje","8":"first","9":"instock","10":"shipping-taxable","11":"purchasable","12":"product-type-simple"},"_links":{"self":[{"href":"https:\/\/makeupstudio.com.uy\/sitio\/wp-json\/wp\/v2\/product\/444","targetHints":{"allow":["GET"]}}],"collection":[{"href":"https:\/\/makeupstudio.com.uy\/sitio\/wp-json\/wp\/v2\/product"}],"about":[{"href":"https:\/\/makeupstudio.com.uy\/sitio\/wp-json\/wp\/v2\/types\/product"}],"replies":[{"embeddable":true,"href":"https:\/\/makeupstudio.com.uy\/sitio\/wp-json\/wp\/v2\/comments?post=444"}],"wp:featuredmedia":[{"embeddable":true,"href":"https:\/\/makeupstudio.com.uy\/sitio\/wp-json\/wp\/v2\/media\/835"}],"wp:attachment":[{"href":"https:\/\/makeupstudio.com.uy\/sitio\/wp-json\/wp\/v2\/media?parent=444"}],"wp:term":[{"taxonomy":"product_brand","embeddable":true,"href":"https:\/\/makeupstudio.com.uy\/sitio\/wp-json\/wp\/v2\/product_brand?post=444"},{"taxonomy":"product_cat","embeddable":true,"href":"https:\/\/makeupstudio.com.uy\/sitio\/wp-json\/wp\/v2\/product_cat?post=444"},{"taxonomy":"product_tag","embeddable":true,"href":"https:\/\/makeupstudio.com.uy\/sitio\/wp-json\/wp\/v2\/product_tag?post=444"}],"curies":[{"name":"wp","href":"https:\/\/api.w.org\/{rel}","templated":true}]}}