{"id":740,"date":"2020-06-08T15:10:19","date_gmt":"2020-06-08T15:10:19","guid":{"rendered":"https:\/\/makeupstudio.com.uy\/sitio\/?post_type=product&#038;p=740"},"modified":"2025-01-20T19:55:20","modified_gmt":"2025-01-20T19:55:20","slug":"polvo-all-year-bronzer","status":"publish","type":"product","link":"https:\/\/makeupstudio.com.uy\/sitio\/producto\/polvo-all-year-bronzer\/","title":{"rendered":"Paletas Germaine de Capuccini"},"content":{"rendered":"<p>Armoniza las proporciones de tu rostro y refresca tu look en s\u00f3lo unos instantes.<\/p>\n","protected":false},"excerpt":{"rendered":"<p>All Year Bronzer Powder. Aportan un acabado natural y sedoso, un aspecto fant\u00e1stico durante todo el d\u00eda. Aplicados en p\u00f3mulos, frente, nariz y ment\u00f3n proporcionan al rostro un seductor tono bronceado, luminoso y natural. Combina dos tonos que incorporan sutiles pigmentos dorados que iluminan y realzan la tonalidad de la piel. Protecci\u00f3n SPF 15.<\/p>\n","protected":false},"featured_media":741,"comment_status":"open","ping_status":"closed","template":"","meta":{"_joinchat":[]},"product_brand":[],"product_cat":[28],"product_tag":[],"class_list":{"0":"post-740","1":"product","2":"type-product","3":"status-publish","4":"has-post-thumbnail","6":"product_cat-maquillaje","7":"pa_germaine-de-capuccini-color-play","8":"pa_germaine-de-capuccini-polvo-all-year-bronzer","9":"pa_germaine-de-capuccini-true-powder","11":"first","12":"instock","13":"shipping-taxable","14":"purchasable","15":"product-type-variable"},"_links":{"self":[{"href":"https:\/\/makeupstudio.com.uy\/sitio\/wp-json\/wp\/v2\/product\/740","targetHints":{"allow":["GET"]}}],"collection":[{"href":"https:\/\/makeupstudio.com.uy\/sitio\/wp-json\/wp\/v2\/product"}],"about":[{"href":"https:\/\/makeupstudio.com.uy\/sitio\/wp-json\/wp\/v2\/types\/product"}],"replies":[{"embeddable":true,"href":"https:\/\/makeupstudio.com.uy\/sitio\/wp-json\/wp\/v2\/comments?post=740"}],"wp:featuredmedia":[{"embeddable":true,"href":"https:\/\/makeupstudio.com.uy\/sitio\/wp-json\/wp\/v2\/media\/741"}],"wp:attachment":[{"href":"https:\/\/makeupstudio.com.uy\/sitio\/wp-json\/wp\/v2\/media?parent=740"}],"wp:term":[{"taxonomy":"product_brand","embeddable":true,"href":"https:\/\/makeupstudio.com.uy\/sitio\/wp-json\/wp\/v2\/product_brand?post=740"},{"taxonomy":"product_cat","embeddable":true,"href":"https:\/\/makeupstudio.com.uy\/sitio\/wp-json\/wp\/v2\/product_cat?post=740"},{"taxonomy":"product_tag","embeddable":true,"href":"https:\/\/makeupstudio.com.uy\/sitio\/wp-json\/wp\/v2\/product_tag?post=740"}],"curies":[{"name":"wp","href":"https:\/\/api.w.org\/{rel}","templated":true}]}}